{"id":75,"date":"2025-01-13T11:09:16","date_gmt":"2025-01-13T11:09:16","guid":{"rendered":"https:\/\/limpiezasaqualive.es\/nosotros-copy\/"},"modified":"2025-02-17T15:09:27","modified_gmt":"2025-02-17T15:09:27","slug":"particulares","status":"publish","type":"page","link":"https:\/\/limpiezasaqualive.es\/en\/particulares\/","title":{"rendered":"Private"},"content":{"rendered":"<div data-elementor-type=\"wp-page\" data-elementor-id=\"75\" class=\"elementor elementor-75\" data-elementor-post-type=\"page\">\n\t\t\t\t<div class=\"wd-negative-gap elementor-element elementor-element-f180e1f wd-section-stretch e-flex e-con-boxed e-con e-parent\" data-id=\"f180e1f\" data-element_type=\"container\" data-e-type=\"container\" data-settings=\"{&quot;background_background&quot;:&quot;classic&quot;}\">\n\t\t\t\t\t<div class=\"e-con-inner\">\n\t\t<div class=\"elementor-element elementor-element-5538b7e e-con-full e-flex e-con e-child\" data-id=\"5538b7e\" data-element_type=\"container\" data-e-type=\"container\">\n\t\t<div class=\"elementor-element elementor-element-8bdcf91 e-con-full wd-animation-slide-short-from-left e-flex wd-animation-normal wd_delay_100 wd-animation wd-transform e-con e-child\" data-id=\"8bdcf91\" data-element_type=\"container\" data-e-type=\"container\">\n\t\t\t\t<div class=\"elementor-element elementor-element-4ba49d2 elementor-widget elementor-widget-wd_image_or_svg\" data-id=\"4ba49d2\" data-element_type=\"widget\" data-e-type=\"widget\" data-widget_type=\"wd_image_or_svg.default\">\n\t\t\t\t<div class=\"elementor-widget-container\">\n\t\t\t\t\t\n\t\t<div class=\"wd-image text-center\">\n\t\t\t\t\t\t\t\t<img loading=\"lazy\" decoding=\"async\" width=\"2000\" height=\"2000\" src=\"https:\/\/limpiezasaqualive.es\/wp-content\/uploads\/2025\/01\/eco-friendly.png\" class=\"attachment-full size-full\" alt=\"\" srcset=\"https:\/\/limpiezasaqualive.es\/wp-content\/uploads\/2025\/01\/eco-friendly.png 2000w, https:\/\/limpiezasaqualive.es\/wp-content\/uploads\/2025\/01\/eco-friendly-300x300.png 300w, https:\/\/limpiezasaqualive.es\/wp-content\/uploads\/2025\/01\/eco-friendly-1024x1024.png 1024w, https:\/\/limpiezasaqualive.es\/wp-content\/uploads\/2025\/01\/eco-friendly-150x150.png 150w, https:\/\/limpiezasaqualive.es\/wp-content\/uploads\/2025\/01\/eco-friendly-768x768.png 768w, https:\/\/limpiezasaqualive.es\/wp-content\/uploads\/2025\/01\/eco-friendly-1536x1536.png 1536w\" sizes=\"auto, (max-width: 2000px) 100vw, 2000px\" \/>\t\t\t\t\t<\/div>\n\n\t\t\t\t\t\t<\/div>\n\t\t\t\t<\/div>\n\t\t\t\t<\/div>\n\t\t<div class=\"elementor-element elementor-element-190339b e-con-full e-flex e-con e-child\" data-id=\"190339b\" data-element_type=\"container\" data-e-type=\"container\">\n\t\t\t\t<div class=\"elementor-element elementor-element-033a18a wd-width-100 elementor-widget elementor-widget-wd_title\" data-id=\"033a18a\" data-element_type=\"widget\" data-e-type=\"widget\" data-widget_type=\"wd_title.default\">\n\t\t\t\t<div class=\"elementor-widget-container\">\n\t\t\t\t\t\t\t<div class=\"title-wrapper wd-set-mb reset-last-child wd-title-color-white wd-title-style-default wd-title-size-extra-large text-left\">\n\n\t\t\t\n\t\t\t<div class=\"liner-continer\">\n\t\t\t\t<h2 class=\"woodmart-title-container title wd-fontsize-xxxl\">Limpieza Ecol\u00f3gica y Saludable <\/h2> \n\t\t\t\t\t\t\t<\/div>\n\n\t\t\t\t\t\t\t<div class=\"title-after_title reset-last-child wd-fontsize-s\">\n\t\t\t\t\t<p>Contamos con numerosos certificados, AHAM o AAF, acreditando que nuestro sistema de limpieza en Murcia es beneficioso para personas al\u00e9rgicas y asm\u00e1ticas. No somos una simple empresa de limpieza: al lavar el aire de nuestro hogar mejora la calidad de ese aire que respiramos y ello beneficia la salud de nuestras familias.<br \/>Adem\u00e1s por ser una empresa de limpieza ecol\u00f3gica, en nuestro proceso de limpieza evitamos el uso de contaminantes qu\u00edmicos y los reemplazamos por productos ecol\u00f3gicos contribuyendo as\u00ed con el cuidado del medio ambiente.<\/p>\t\t\t\t<\/div>\n\t\t\t\t\t<\/div>\n\t\t\t\t\t\t<\/div>\n\t\t\t\t<\/div>\n\t\t\t\t<\/div>\n\t\t\t\t<\/div>\n\t\t\t\t\t<\/div>\n\t\t\t\t<\/div>\n\t\t<div class=\"wd-negative-gap elementor-element elementor-element-f695672 wd-section-stretch-content e-flex e-con-boxed e-con e-parent\" data-id=\"f695672\" data-element_type=\"container\" data-e-type=\"container\" data-settings=\"{&quot;background_background&quot;:&quot;classic&quot;}\">\n\t\t\t\t\t<div class=\"e-con-inner\">\n\t\t<div class=\"elementor-element elementor-element-6205c7c e-con-full e-flex e-con e-child\" data-id=\"6205c7c\" data-element_type=\"container\" data-e-type=\"container\">\n\t\t<div class=\"elementor-element elementor-element-1664946 color-scheme-light e-con-full wd-animation-zoom-in e-flex wd-animation-normal wd_delay_100 wd-animation wd-transform e-con e-child\" data-id=\"1664946\" data-element_type=\"container\" data-e-type=\"container\">\n\t\t\t\t<div class=\"elementor-element elementor-element-ffe6fb1 elementor-widget elementor-widget-wd_banner\" data-id=\"ffe6fb1\" data-element_type=\"widget\" data-e-type=\"widget\" data-widget_type=\"wd_banner.default\">\n\t\t\t\t<div class=\"elementor-widget-container\">\n\t\t\t\t\t\t\t<div class=\"promo-banner-wrapper\">\n\t\t\t<div class=\"promo-banner banner-mask banner-hover-parallax color-scheme- banner-btn-size-default banner-btn-style-default\">\n\t\t\t\t<div class=\"main-wrapp-img\">\n\t\t\t\t\t<div class=\"banner-image\">\n\t\t\t\t\t\t\t\t\t\t\t\t\t\t\t\t\t\t\t\t\t<img loading=\"lazy\" decoding=\"async\" width=\"554\" height=\"384\" src=\"https:\/\/limpiezasaqualive.es\/wp-content\/uploads\/2025\/01\/p1.webp\" class=\"attachment-full size-full\" alt=\"\" srcset=\"https:\/\/limpiezasaqualive.es\/wp-content\/uploads\/2025\/01\/p1.webp 554w, https:\/\/limpiezasaqualive.es\/wp-content\/uploads\/2025\/01\/p1-300x208.webp 300w\" sizes=\"auto, (max-width: 554px) 100vw, 554px\" \/>\t\t\t\t\t\t\t\t\t\t\t\t\t\t\t\t\t\t<\/div>\n\t\t\t\t<\/div>\n\n\t\t\t\t<div class=\"wrapper-content-banner wd-fill wd-items-middle wd-justify-center\">\n\t\t\t\t\t<div class=\"content-banner  text-left\">\n\t\t\t\t\t\t\n\t\t\t\t\t\t\t\t\t\t\t\t\t<h3 class=\"banner-title wd-fontsize-xxl\" data-elementor-setting-key=\"title\">\n\t\t\t\t\t\t\t\tLimpieza Interior\t\t\t\t\t\t\t<\/h3>\n\t\t\t\t\t\t\n\t\t\t\t\t\t\t\t\t\t\t\t\t<div class=\"banner-inner reset-last-child wd-fontsize-xs\" data-elementor-setting-key=\"content\">\n\t\t\t\t\t\t\t\t<p>Limpiamos todo tipo de superficies en interior, salones, comedores, dormitorios, cocinas, despachos, aseos\u2026 Desinfectamos e higienizamos las estancias para que puedas disfrutar sin preocuparte de los al\u00e9rgenos y bacterias.<\/p>\n\t\t\t\t\t\t\t<\/div>\n\t\t\t\t\t\t\n\t\t\t\t\t\t\n\t\t\t\t\t\t\t\t\t\t\t<\/div>\n\t\t\t\t<\/div>\n\n\t\t\t\t\t\t\t<\/div>\n\t\t<\/div>\n\t\t\t\t\t\t<\/div>\n\t\t\t\t<\/div>\n\t\t\t\t<\/div>\n\t\t<div class=\"elementor-element elementor-element-380bd9a color-scheme-light e-con-full wd-animation-zoom-in wd_delay_200 e-flex wd-animation-normal wd-animation wd-transform e-con e-child\" data-id=\"380bd9a\" data-element_type=\"container\" data-e-type=\"container\">\n\t\t\t\t<div class=\"elementor-element elementor-element-38aa39f elementor-widget elementor-widget-wd_banner\" data-id=\"38aa39f\" data-element_type=\"widget\" data-e-type=\"widget\" data-widget_type=\"wd_banner.default\">\n\t\t\t\t<div class=\"elementor-widget-container\">\n\t\t\t\t\t\t\t<div class=\"promo-banner-wrapper\">\n\t\t\t<div class=\"promo-banner banner-mask banner-hover-parallax color-scheme- banner-btn-size-default banner-btn-style-default\">\n\t\t\t\t<div class=\"main-wrapp-img\">\n\t\t\t\t\t<div class=\"banner-image\">\n\t\t\t\t\t\t\t\t\t\t\t\t\t\t\t\t\t\t\t\t\t<img loading=\"lazy\" decoding=\"async\" width=\"554\" height=\"384\" src=\"https:\/\/limpiezasaqualive.es\/wp-content\/uploads\/2025\/01\/p2.webp\" class=\"attachment-full size-full\" alt=\"\" srcset=\"https:\/\/limpiezasaqualive.es\/wp-content\/uploads\/2025\/01\/p2.webp 554w, https:\/\/limpiezasaqualive.es\/wp-content\/uploads\/2025\/01\/p2-300x208.webp 300w\" sizes=\"auto, (max-width: 554px) 100vw, 554px\" \/>\t\t\t\t\t\t\t\t\t\t\t\t\t\t\t\t\t\t<\/div>\n\t\t\t\t<\/div>\n\n\t\t\t\t<div class=\"wrapper-content-banner wd-fill wd-items-middle wd-justify-center\">\n\t\t\t\t\t<div class=\"content-banner  text-left\">\n\t\t\t\t\t\t\n\t\t\t\t\t\t\t\t\t\t\t\t\t<h3 class=\"banner-title wd-fontsize-xxl\" data-elementor-setting-key=\"title\">\n\t\t\t\t\t\t\t\tLimpieza Exterior\t\t\t\t\t\t\t<\/h3>\n\t\t\t\t\t\t\n\t\t\t\t\t\t\t\t\t\t\t\t\t<div class=\"banner-inner reset-last-child wd-fontsize-xs\" data-elementor-setting-key=\"content\">\n\t\t\t\t\t\t\t\t<p>Nos hacemos cargo de la limpieza de exteriores del domicilio: ventanas y tragaluces, muebles de patio, suelos y accesos al garaje\u2026 Adem\u00e1s, contamos con servicio de jardiner\u00eda! La entrada y jard\u00edn de tu casa ser\u00e1 la envidia de todo el vecindario.<\/p>\n\t\t\t\t\t\t\t<\/div>\n\t\t\t\t\t\t\n\t\t\t\t\t\t\n\t\t\t\t\t\t\t\t\t\t\t<\/div>\n\t\t\t\t<\/div>\n\n\t\t\t\t\t\t\t<\/div>\n\t\t<\/div>\n\t\t\t\t\t\t<\/div>\n\t\t\t\t<\/div>\n\t\t\t\t<\/div>\n\t\t<div class=\"elementor-element elementor-element-bc275d7 color-scheme-light e-con-full wd-animation-zoom-in wd_delay_300 e-flex wd-animation-normal wd-animation wd-transform e-con e-child\" data-id=\"bc275d7\" data-element_type=\"container\" data-e-type=\"container\">\n\t\t\t\t<div class=\"elementor-element elementor-element-0309730 elementor-widget elementor-widget-wd_banner\" data-id=\"0309730\" data-element_type=\"widget\" data-e-type=\"widget\" data-widget_type=\"wd_banner.default\">\n\t\t\t\t<div class=\"elementor-widget-container\">\n\t\t\t\t\t\t\t<div class=\"promo-banner-wrapper\">\n\t\t\t<div class=\"promo-banner banner-mask banner-hover-parallax color-scheme- banner-btn-size-default banner-btn-style-default\">\n\t\t\t\t<div class=\"main-wrapp-img\">\n\t\t\t\t\t<div class=\"banner-image\">\n\t\t\t\t\t\t\t\t\t\t\t\t\t\t\t\t\t\t\t\t\t<img loading=\"lazy\" decoding=\"async\" width=\"554\" height=\"384\" src=\"https:\/\/limpiezasaqualive.es\/wp-content\/uploads\/2025\/01\/p3.webp\" class=\"attachment-full size-full\" alt=\"\" srcset=\"https:\/\/limpiezasaqualive.es\/wp-content\/uploads\/2025\/01\/p3.webp 554w, https:\/\/limpiezasaqualive.es\/wp-content\/uploads\/2025\/01\/p3-300x208.webp 300w\" sizes=\"auto, (max-width: 554px) 100vw, 554px\" \/>\t\t\t\t\t\t\t\t\t\t\t\t\t\t\t\t\t\t<\/div>\n\t\t\t\t<\/div>\n\n\t\t\t\t<div class=\"wrapper-content-banner wd-fill wd-items-middle wd-justify-center\">\n\t\t\t\t\t<div class=\"content-banner  text-left\">\n\t\t\t\t\t\t\n\t\t\t\t\t\t\t\t\t\t\t\t\t<h3 class=\"banner-title wd-fontsize-xxl\" data-elementor-setting-key=\"title\">\n\t\t\t\t\t\t\t\tServicios especiales\t\t\t\t\t\t\t<\/h3>\n\t\t\t\t\t\t\n\t\t\t\t\t\t\t\t\t\t\t\t\t<div class=\"banner-inner reset-last-child wd-fontsize-xs\" data-elementor-setting-key=\"content\">\n\t\t\t\t\t\t\t\t<p>Utilizamos un sistema innovador de limpieza beneficioso para personas al\u00e9rgicas y asm\u00e1ticas. Acabamos con los \u00e1caros en colchones, cojines, mantas, cortinas, alfombras\u2026 El asma y la alergia no volver\u00e1n a ser un problema en casa.<\/p>\n\t\t\t\t\t\t\t<\/div>\n\t\t\t\t\t\t\n\t\t\t\t\t\t\n\t\t\t\t\t\t\t\t\t\t\t<\/div>\n\t\t\t\t<\/div>\n\n\t\t\t\t\t\t\t<\/div>\n\t\t<\/div>\n\t\t\t\t\t\t<\/div>\n\t\t\t\t<\/div>\n\t\t\t\t<\/div>\n\t\t\t\t<\/div>\n\t\t\t\t\t<\/div>\n\t\t\t\t<\/div>\n\t\t\t\t<\/div>","protected":false},"excerpt":{"rendered":"<p>Limpieza Ecol\u00f3gica y Saludable Contamos con numerosos certificados, AHAM o AAF, acreditando que nuestro sistema de limpieza en Murcia es<\/p>","protected":false},"author":1,"featured_media":0,"parent":0,"menu_order":2,"comment_status":"closed","ping_status":"closed","template":"","meta":{"_joinchat":[],"footnotes":""},"class_list":["post-75","page","type-page","status-publish","hentry"],"yoast_head":"<!-- This site is optimized with the Yoast SEO plugin v27.4 - https:\/\/yoast.com\/product\/yoast-seo-wordpress\/ -->\n<title>Particulares - Limpiezas Aqualive Ecol\u00f3gicas S.L.<\/title>\n<meta name=\"robots\" content=\"index, follow, max-snippet:-1, max-image-preview:large, max-video-preview:-1\" \/>\n<link rel=\"canonical\" href=\"https:\/\/limpiezasaqualive.es\/en\/particulares\/\" \/>\n<meta property=\"og:locale\" content=\"en_US\" \/>\n<meta property=\"og:type\" content=\"article\" \/>\n<meta property=\"og:title\" content=\"Particulares - Limpiezas Aqualive Ecol\u00f3gicas S.L.\" \/>\n<meta property=\"og:description\" content=\"Limpieza Ecol\u00f3gica y Saludable Contamos con numerosos certificados, AHAM o AAF, acreditando que nuestro sistema de limpieza en Murcia es\" \/>\n<meta property=\"og:url\" content=\"https:\/\/limpiezasaqualive.es\/en\/particulares\/\" \/>\n<meta property=\"og:site_name\" content=\"Limpiezas Aqualive Ecol\u00f3gicas S.L.\" \/>\n<meta property=\"article:publisher\" content=\"https:\/\/www.facebook.com\/LimpiezasAqualive\" \/>\n<meta property=\"article:modified_time\" content=\"2025-02-17T15:09:27+00:00\" \/>\n<meta property=\"og:image\" content=\"https:\/\/limpiezasaqualive.es\/wp-content\/uploads\/2025\/01\/eco-friendly.png\" \/>\n<meta name=\"twitter:card\" content=\"summary_large_image\" \/>\n<meta name=\"twitter:label1\" content=\"Est. reading time\" \/>\n\t<meta name=\"twitter:data1\" content=\"1 minute\" \/>\n<script type=\"application\/ld+json\" class=\"yoast-schema-graph\">{\"@context\":\"https:\\\/\\\/schema.org\",\"@graph\":[{\"@type\":\"WebPage\",\"@id\":\"https:\\\/\\\/limpiezasaqualive.es\\\/particulares\\\/\",\"url\":\"https:\\\/\\\/limpiezasaqualive.es\\\/particulares\\\/\",\"name\":\"Particulares - Limpiezas Aqualive Ecol\u00f3gicas S.L.\",\"isPartOf\":{\"@id\":\"https:\\\/\\\/limpiezasaqualive.es\\\/#website\"},\"primaryImageOfPage\":{\"@id\":\"https:\\\/\\\/limpiezasaqualive.es\\\/particulares\\\/#primaryimage\"},\"image\":{\"@id\":\"https:\\\/\\\/limpiezasaqualive.es\\\/particulares\\\/#primaryimage\"},\"thumbnailUrl\":\"https:\\\/\\\/limpiezasaqualive.es\\\/wp-content\\\/uploads\\\/2025\\\/01\\\/eco-friendly.png\",\"datePublished\":\"2025-01-13T11:09:16+00:00\",\"dateModified\":\"2025-02-17T15:09:27+00:00\",\"breadcrumb\":{\"@id\":\"https:\\\/\\\/limpiezasaqualive.es\\\/particulares\\\/#breadcrumb\"},\"inLanguage\":\"en-US\",\"potentialAction\":[{\"@type\":\"ReadAction\",\"target\":[\"https:\\\/\\\/limpiezasaqualive.es\\\/particulares\\\/\"]}]},{\"@type\":\"ImageObject\",\"inLanguage\":\"en-US\",\"@id\":\"https:\\\/\\\/limpiezasaqualive.es\\\/particulares\\\/#primaryimage\",\"url\":\"https:\\\/\\\/limpiezasaqualive.es\\\/wp-content\\\/uploads\\\/2025\\\/01\\\/eco-friendly.png\",\"contentUrl\":\"https:\\\/\\\/limpiezasaqualive.es\\\/wp-content\\\/uploads\\\/2025\\\/01\\\/eco-friendly.png\"},{\"@type\":\"BreadcrumbList\",\"@id\":\"https:\\\/\\\/limpiezasaqualive.es\\\/particulares\\\/#breadcrumb\",\"itemListElement\":[{\"@type\":\"ListItem\",\"position\":1,\"name\":\"Portada\",\"item\":\"https:\\\/\\\/limpiezasaqualive.es\\\/\"},{\"@type\":\"ListItem\",\"position\":2,\"name\":\"Particulares\"}]},{\"@type\":\"WebSite\",\"@id\":\"https:\\\/\\\/limpiezasaqualive.es\\\/#website\",\"url\":\"https:\\\/\\\/limpiezasaqualive.es\\\/\",\"name\":\"Limpiezas Ecol\u00f3gicas Aqualive\",\"description\":\"Empresa de Limpieza en Cartagena y alrededores\",\"publisher\":{\"@id\":\"https:\\\/\\\/limpiezasaqualive.es\\\/#organization\"},\"potentialAction\":[{\"@type\":\"SearchAction\",\"target\":{\"@type\":\"EntryPoint\",\"urlTemplate\":\"https:\\\/\\\/limpiezasaqualive.es\\\/?s={search_term_string}\"},\"query-input\":{\"@type\":\"PropertyValueSpecification\",\"valueRequired\":true,\"valueName\":\"search_term_string\"}}],\"inLanguage\":\"en-US\"},{\"@type\":\"Organization\",\"@id\":\"https:\\\/\\\/limpiezasaqualive.es\\\/#organization\",\"name\":\"Limpiezas Aqualive Ecol\u00f3gicas S.L.\",\"url\":\"https:\\\/\\\/limpiezasaqualive.es\\\/\",\"logo\":{\"@type\":\"ImageObject\",\"inLanguage\":\"en-US\",\"@id\":\"https:\\\/\\\/limpiezasaqualive.es\\\/#\\\/schema\\\/logo\\\/image\\\/\",\"url\":\"https:\\\/\\\/limpiezasaqualive.es\\\/wp-content\\\/uploads\\\/2025\\\/01\\\/aqualive-logo.png\",\"contentUrl\":\"https:\\\/\\\/limpiezasaqualive.es\\\/wp-content\\\/uploads\\\/2025\\\/01\\\/aqualive-logo.png\",\"width\":269,\"height\":86,\"caption\":\"Limpiezas Aqualive Ecol\u00f3gicas S.L.\"},\"image\":{\"@id\":\"https:\\\/\\\/limpiezasaqualive.es\\\/#\\\/schema\\\/logo\\\/image\\\/\"},\"sameAs\":[\"https:\\\/\\\/www.facebook.com\\\/LimpiezasAqualive\",\"https:\\\/\\\/www.instagram.com\\\/aqualiveecologica\\\/\"]}]}<\/script>\n<!-- \/ Yoast SEO plugin. -->","yoast_head_json":{"title":"Particulares - Limpiezas Aqualive Ecol\u00f3gicas S.L.","robots":{"index":"index","follow":"follow","max-snippet":"max-snippet:-1","max-image-preview":"max-image-preview:large","max-video-preview":"max-video-preview:-1"},"canonical":"https:\/\/limpiezasaqualive.es\/en\/particulares\/","og_locale":"en_US","og_type":"article","og_title":"Particulares - Limpiezas Aqualive Ecol\u00f3gicas S.L.","og_description":"Limpieza Ecol\u00f3gica y Saludable Contamos con numerosos certificados, AHAM o AAF, acreditando que nuestro sistema de limpieza en Murcia es","og_url":"https:\/\/limpiezasaqualive.es\/en\/particulares\/","og_site_name":"Limpiezas Aqualive Ecol\u00f3gicas S.L.","article_publisher":"https:\/\/www.facebook.com\/LimpiezasAqualive","article_modified_time":"2025-02-17T15:09:27+00:00","og_image":[{"url":"https:\/\/limpiezasaqualive.es\/wp-content\/uploads\/2025\/01\/eco-friendly.png","type":"","width":"","height":""}],"twitter_card":"summary_large_image","twitter_misc":{"Est. reading time":"1 minute"},"schema":{"@context":"https:\/\/schema.org","@graph":[{"@type":"WebPage","@id":"https:\/\/limpiezasaqualive.es\/particulares\/","url":"https:\/\/limpiezasaqualive.es\/particulares\/","name":"Particulares - Limpiezas Aqualive Ecol\u00f3gicas S.L.","isPartOf":{"@id":"https:\/\/limpiezasaqualive.es\/#website"},"primaryImageOfPage":{"@id":"https:\/\/limpiezasaqualive.es\/particulares\/#primaryimage"},"image":{"@id":"https:\/\/limpiezasaqualive.es\/particulares\/#primaryimage"},"thumbnailUrl":"https:\/\/limpiezasaqualive.es\/wp-content\/uploads\/2025\/01\/eco-friendly.png","datePublished":"2025-01-13T11:09:16+00:00","dateModified":"2025-02-17T15:09:27+00:00","breadcrumb":{"@id":"https:\/\/limpiezasaqualive.es\/particulares\/#breadcrumb"},"inLanguage":"en-US","potentialAction":[{"@type":"ReadAction","target":["https:\/\/limpiezasaqualive.es\/particulares\/"]}]},{"@type":"ImageObject","inLanguage":"en-US","@id":"https:\/\/limpiezasaqualive.es\/particulares\/#primaryimage","url":"https:\/\/limpiezasaqualive.es\/wp-content\/uploads\/2025\/01\/eco-friendly.png","contentUrl":"https:\/\/limpiezasaqualive.es\/wp-content\/uploads\/2025\/01\/eco-friendly.png"},{"@type":"BreadcrumbList","@id":"https:\/\/limpiezasaqualive.es\/particulares\/#breadcrumb","itemListElement":[{"@type":"ListItem","position":1,"name":"Portada","item":"https:\/\/limpiezasaqualive.es\/"},{"@type":"ListItem","position":2,"name":"Particulares"}]},{"@type":"WebSite","@id":"https:\/\/limpiezasaqualive.es\/#website","url":"https:\/\/limpiezasaqualive.es\/","name":"Limpiezas Ecol\u00f3gicas Aqualive","description":"Empresa de Limpieza en Cartagena y alrededores","publisher":{"@id":"https:\/\/limpiezasaqualive.es\/#organization"},"potentialAction":[{"@type":"SearchAction","target":{"@type":"EntryPoint","urlTemplate":"https:\/\/limpiezasaqualive.es\/?s={search_term_string}"},"query-input":{"@type":"PropertyValueSpecification","valueRequired":true,"valueName":"search_term_string"}}],"inLanguage":"en-US"},{"@type":"Organization","@id":"https:\/\/limpiezasaqualive.es\/#organization","name":"Cleaning Aqualive Ecological SL","url":"https:\/\/limpiezasaqualive.es\/","logo":{"@type":"ImageObject","inLanguage":"en-US","@id":"https:\/\/limpiezasaqualive.es\/#\/schema\/logo\/image\/","url":"https:\/\/limpiezasaqualive.es\/wp-content\/uploads\/2025\/01\/aqualive-logo.png","contentUrl":"https:\/\/limpiezasaqualive.es\/wp-content\/uploads\/2025\/01\/aqualive-logo.png","width":269,"height":86,"caption":"Limpiezas Aqualive Ecol\u00f3gicas S.L."},"image":{"@id":"https:\/\/limpiezasaqualive.es\/#\/schema\/logo\/image\/"},"sameAs":["https:\/\/www.facebook.com\/LimpiezasAqualive","https:\/\/www.instagram.com\/aqualiveecologica\/"]}]}},"_links":{"self":[{"href":"https:\/\/limpiezasaqualive.es\/en\/wp-json\/wp\/v2\/pages\/75","targetHints":{"allow":["GET"]}}],"collection":[{"href":"https:\/\/limpiezasaqualive.es\/en\/wp-json\/wp\/v2\/pages"}],"about":[{"href":"https:\/\/limpiezasaqualive.es\/en\/wp-json\/wp\/v2\/types\/page"}],"author":[{"embeddable":true,"href":"https:\/\/limpiezasaqualive.es\/en\/wp-json\/wp\/v2\/users\/1"}],"replies":[{"embeddable":true,"href":"https:\/\/limpiezasaqualive.es\/en\/wp-json\/wp\/v2\/comments?post=75"}],"version-history":[{"count":25,"href":"https:\/\/limpiezasaqualive.es\/en\/wp-json\/wp\/v2\/pages\/75\/revisions"}],"predecessor-version":[{"id":1539,"href":"https:\/\/limpiezasaqualive.es\/en\/wp-json\/wp\/v2\/pages\/75\/revisions\/1539"}],"wp:attachment":[{"href":"https:\/\/limpiezasaqualive.es\/en\/wp-json\/wp\/v2\/media?parent=75"}],"curies":[{"name":"wp","href":"https:\/\/api.w.org\/{rel}","templated":true}]}}