{"id":77,"date":"2025-01-13T11:09:40","date_gmt":"2025-01-13T11:09:40","guid":{"rendered":"https:\/\/limpiezasaqualive.es\/particulares-copy\/"},"modified":"2025-02-17T15:10:42","modified_gmt":"2025-02-17T15:10:42","slug":"empresas","status":"publish","type":"page","link":"https:\/\/limpiezasaqualive.es\/en\/empresas\/","title":{"rendered":"Companies"},"content":{"rendered":"<div data-elementor-type=\"wp-page\" data-elementor-id=\"77\" class=\"elementor elementor-77\" data-elementor-post-type=\"page\">\n\t\t\t\t<div class=\"wd-negative-gap elementor-element elementor-element-82b56f8 wd-section-stretch e-flex e-con-boxed e-con e-parent\" data-id=\"82b56f8\" data-element_type=\"container\" data-e-type=\"container\" data-settings=\"{&quot;background_background&quot;:&quot;classic&quot;}\">\n\t\t\t\t\t<div class=\"e-con-inner\">\n\t\t<div class=\"elementor-element elementor-element-22139b2 e-con-full e-flex e-con e-child\" data-id=\"22139b2\" data-element_type=\"container\" data-e-type=\"container\">\n\t\t<div class=\"elementor-element elementor-element-0782782 e-con-full wd-animation-slide-short-from-left e-flex wd-animation-normal wd_delay_100 wd-animation wd-transform e-con e-child\" data-id=\"0782782\" data-element_type=\"container\" data-e-type=\"container\">\n\t\t\t\t<div class=\"elementor-element elementor-element-d24009e elementor-widget elementor-widget-wd_image_or_svg\" data-id=\"d24009e\" data-element_type=\"widget\" data-e-type=\"widget\" data-widget_type=\"wd_image_or_svg.default\">\n\t\t\t\t<div class=\"elementor-widget-container\">\n\t\t\t\t\t\n\t\t<div class=\"wd-image text-center\">\n\t\t\t\t\t\t\t\t<img loading=\"lazy\" decoding=\"async\" width=\"800\" height=\"840\" src=\"https:\/\/limpiezasaqualive.es\/wp-content\/uploads\/2025\/01\/rb_2148220655-1.png\" class=\"attachment-full size-full\" alt=\"\" srcset=\"https:\/\/limpiezasaqualive.es\/wp-content\/uploads\/2025\/01\/rb_2148220655-1.png 800w, https:\/\/limpiezasaqualive.es\/wp-content\/uploads\/2025\/01\/rb_2148220655-1-286x300.png 286w, https:\/\/limpiezasaqualive.es\/wp-content\/uploads\/2025\/01\/rb_2148220655-1-768x806.png 768w\" sizes=\"auto, (max-width: 800px) 100vw, 800px\" \/>\t\t\t\t\t<\/div>\n\n\t\t\t\t\t\t<\/div>\n\t\t\t\t<\/div>\n\t\t\t\t<\/div>\n\t\t<div class=\"elementor-element elementor-element-f5f1c84 e-con-full e-flex e-con e-child\" data-id=\"f5f1c84\" data-element_type=\"container\" data-e-type=\"container\">\n\t\t\t\t<div class=\"elementor-element elementor-element-72f752a wd-width-100 elementor-widget elementor-widget-wd_title\" data-id=\"72f752a\" data-element_type=\"widget\" data-e-type=\"widget\" data-widget_type=\"wd_title.default\">\n\t\t\t\t<div class=\"elementor-widget-container\">\n\t\t\t\t\t\t\t<div class=\"title-wrapper wd-set-mb reset-last-child wd-title-color-white wd-title-style-default wd-title-size-extra-large text-left\">\n\n\t\t\t\n\t\t\t<div class=\"liner-continer\">\n\t\t\t\t<h2 class=\"woodmart-title-container title wd-fontsize-xxxl\">Certificaci\u00f3n y Ecolog\u00eda en Limpieza de Calidad<\/h2> \n\t\t\t\t\t\t\t<\/div>\n\n\t\t\t\t\t\t\t<div class=\"title-after_title reset-last-child wd-fontsize-s\">\n\t\t\t\t\t<p>Contamos con numerosos certificados, AHAM o AAF, acreditando que nuestro sistema de limpieza en Murcia es beneficioso para personas al\u00e9rgicas y asm\u00e1ticas. No somos una simple empresa de limpieza: al lavar el aire de nuestro hogar mejora la calidad de ese aire que respiramos y ello beneficia la salud de nuestras familias.<br \/>Adem\u00e1s por ser una empresa de limpieza ecol\u00f3gica, en nuestro proceso de limpieza evitamos el uso de contaminantes qu\u00edmicos y los reemplazamos por productos ecol\u00f3gicos contribuyendo as\u00ed con el cuidado del medio ambiente.<\/p>\t\t\t\t<\/div>\n\t\t\t\t\t<\/div>\n\t\t\t\t\t\t<\/div>\n\t\t\t\t<\/div>\n\t\t\t\t<\/div>\n\t\t\t\t<\/div>\n\t\t\t\t\t<\/div>\n\t\t\t\t<\/div>\n\t\t<div class=\"wd-negative-gap elementor-element elementor-element-bd217d0 wd-section-stretch-content e-flex e-con-boxed e-con e-parent\" data-id=\"bd217d0\" data-element_type=\"container\" data-e-type=\"container\" data-settings=\"{&quot;background_background&quot;:&quot;classic&quot;}\">\n\t\t\t\t\t<div class=\"e-con-inner\">\n\t\t<div class=\"elementor-element elementor-element-8cd7314 e-con-full e-flex e-con e-child\" data-id=\"8cd7314\" data-element_type=\"container\" data-e-type=\"container\">\n\t\t<div class=\"elementor-element elementor-element-a174f92 color-scheme-light e-con-full wd-animation-zoom-in e-flex wd-animation-normal wd_delay_100 wd-animation wd-transform e-con e-child\" data-id=\"a174f92\" data-element_type=\"container\" data-e-type=\"container\">\n\t\t\t\t<div class=\"elementor-element elementor-element-80e0235 elementor-widget elementor-widget-wd_banner\" data-id=\"80e0235\" data-element_type=\"widget\" data-e-type=\"widget\" data-widget_type=\"wd_banner.default\">\n\t\t\t\t<div class=\"elementor-widget-container\">\n\t\t\t\t\t\t\t<div class=\"promo-banner-wrapper\">\n\t\t\t<div class=\"promo-banner banner-mask banner-hover-parallax color-scheme- banner-btn-size-default banner-btn-style-default\">\n\t\t\t\t<div class=\"main-wrapp-img\">\n\t\t\t\t\t<div class=\"banner-image\">\n\t\t\t\t\t\t\t\t\t\t\t\t\t\t\t\t\t\t\t\t\t<img loading=\"lazy\" decoding=\"async\" width=\"554\" height=\"384\" src=\"https:\/\/limpiezasaqualive.es\/wp-content\/uploads\/2025\/01\/e1-1.webp\" class=\"attachment-full size-full\" alt=\"\" srcset=\"https:\/\/limpiezasaqualive.es\/wp-content\/uploads\/2025\/01\/e1-1.webp 554w, https:\/\/limpiezasaqualive.es\/wp-content\/uploads\/2025\/01\/e1-1-300x208.webp 300w\" sizes=\"auto, (max-width: 554px) 100vw, 554px\" \/>\t\t\t\t\t\t\t\t\t\t\t\t\t\t\t\t\t\t<\/div>\n\t\t\t\t<\/div>\n\n\t\t\t\t<div class=\"wrapper-content-banner wd-fill wd-items-middle wd-justify-center\">\n\t\t\t\t\t<div class=\"content-banner  text-left\">\n\t\t\t\t\t\t\n\t\t\t\t\t\t\t\t\t\t\t\t\t<h3 class=\"banner-title wd-fontsize-xxl\" data-elementor-setting-key=\"title\">\n\t\t\t\t\t\t\t\tOficinas\t\t\t\t\t\t\t<\/h3>\n\t\t\t\t\t\t\n\t\t\t\t\t\t\t\t\t\t\t\t\t<div class=\"banner-inner reset-last-child wd-fontsize-xs\" data-elementor-setting-key=\"content\">\n\t\t\t\t\t\t\t\t<p>Limpiamos todo tipo de superficies, despachos, salas de reuniones, salas de junta, puestos de trabajo... Desinfectamos e higienizamos las estancias para que puedas trabajar sin preocuparte y estar seguro en tu sitio de trabajo.<\/p>\n\t\t\t\t\t\t\t<\/div>\n\t\t\t\t\t\t\n\t\t\t\t\t\t\n\t\t\t\t\t\t\t\t\t\t\t<\/div>\n\t\t\t\t<\/div>\n\n\t\t\t\t\t\t\t<\/div>\n\t\t<\/div>\n\t\t\t\t\t\t<\/div>\n\t\t\t\t<\/div>\n\t\t\t\t<\/div>\n\t\t<div class=\"elementor-element elementor-element-5dd5faf color-scheme-light e-con-full wd-animation-zoom-in wd_delay_200 e-flex wd-animation-normal wd-animation wd-transform e-con e-child\" data-id=\"5dd5faf\" data-element_type=\"container\" data-e-type=\"container\">\n\t\t\t\t<div class=\"elementor-element elementor-element-c5544e3 elementor-widget elementor-widget-wd_banner\" data-id=\"c5544e3\" data-element_type=\"widget\" data-e-type=\"widget\" data-widget_type=\"wd_banner.default\">\n\t\t\t\t<div class=\"elementor-widget-container\">\n\t\t\t\t\t\t\t<div class=\"promo-banner-wrapper\">\n\t\t\t<div class=\"promo-banner banner-mask banner-hover-parallax color-scheme- banner-btn-size-default banner-btn-style-default\">\n\t\t\t\t<div class=\"main-wrapp-img\">\n\t\t\t\t\t<div class=\"banner-image\">\n\t\t\t\t\t\t\t\t\t\t\t\t\t\t\t\t\t\t\t\t\t<img loading=\"lazy\" decoding=\"async\" width=\"554\" height=\"384\" src=\"https:\/\/limpiezasaqualive.es\/wp-content\/uploads\/2025\/01\/e2.webp\" class=\"attachment-full size-full\" alt=\"\" srcset=\"https:\/\/limpiezasaqualive.es\/wp-content\/uploads\/2025\/01\/e2.webp 554w, https:\/\/limpiezasaqualive.es\/wp-content\/uploads\/2025\/01\/e2-300x208.webp 300w\" sizes=\"auto, (max-width: 554px) 100vw, 554px\" \/>\t\t\t\t\t\t\t\t\t\t\t\t\t\t\t\t\t\t<\/div>\n\t\t\t\t<\/div>\n\n\t\t\t\t<div class=\"wrapper-content-banner wd-fill wd-items-middle wd-justify-center\">\n\t\t\t\t\t<div class=\"content-banner  text-left\">\n\t\t\t\t\t\t\n\t\t\t\t\t\t\t\t\t\t\t\t\t<h3 class=\"banner-title wd-fontsize-xxl\" data-elementor-setting-key=\"title\">\n\t\t\t\t\t\t\t\tLocales comerciales\t\t\t\t\t\t\t<\/h3>\n\t\t\t\t\t\t\n\t\t\t\t\t\t\t\t\t\t\t\t\t<div class=\"banner-inner reset-last-child wd-fontsize-xs\" data-elementor-setting-key=\"content\">\n\t\t\t\t\t\t\t\t<p>Nuestro servicio de limpieza y desinfecci\u00f3n de locales, es novedoso y eficiente que garantiza la salud y bienestar a las personas. Nuestro equipo est\u00e1 en continua formaci\u00f3n para conseguir m\u00e1xima profesionalidad.<\/p>\n\t\t\t\t\t\t\t<\/div>\n\t\t\t\t\t\t\n\t\t\t\t\t\t\n\t\t\t\t\t\t\t\t\t\t\t<\/div>\n\t\t\t\t<\/div>\n\n\t\t\t\t\t\t\t<\/div>\n\t\t<\/div>\n\t\t\t\t\t\t<\/div>\n\t\t\t\t<\/div>\n\t\t\t\t<\/div>\n\t\t<div class=\"elementor-element elementor-element-a178967 color-scheme-light e-con-full wd-animation-zoom-in wd_delay_300 e-flex wd-animation-normal wd-animation wd-transform e-con e-child\" data-id=\"a178967\" data-element_type=\"container\" data-e-type=\"container\">\n\t\t\t\t<div class=\"elementor-element elementor-element-7461302 elementor-widget elementor-widget-wd_banner\" data-id=\"7461302\" data-element_type=\"widget\" data-e-type=\"widget\" data-widget_type=\"wd_banner.default\">\n\t\t\t\t<div class=\"elementor-widget-container\">\n\t\t\t\t\t\t\t<div class=\"promo-banner-wrapper\">\n\t\t\t<div class=\"promo-banner banner-mask banner-hover-parallax color-scheme- banner-btn-size-default banner-btn-style-default\">\n\t\t\t\t<div class=\"main-wrapp-img\">\n\t\t\t\t\t<div class=\"banner-image\">\n\t\t\t\t\t\t\t\t\t\t\t\t\t\t\t\t\t\t\t\t\t<img loading=\"lazy\" decoding=\"async\" width=\"554\" height=\"384\" src=\"https:\/\/limpiezasaqualive.es\/wp-content\/uploads\/2025\/01\/e3.webp\" class=\"attachment-full size-full\" alt=\"\" srcset=\"https:\/\/limpiezasaqualive.es\/wp-content\/uploads\/2025\/01\/e3.webp 554w, https:\/\/limpiezasaqualive.es\/wp-content\/uploads\/2025\/01\/e3-300x208.webp 300w\" sizes=\"auto, (max-width: 554px) 100vw, 554px\" \/>\t\t\t\t\t\t\t\t\t\t\t\t\t\t\t\t\t\t<\/div>\n\t\t\t\t<\/div>\n\n\t\t\t\t<div class=\"wrapper-content-banner wd-fill wd-items-middle wd-justify-center\">\n\t\t\t\t\t<div class=\"content-banner  text-left\">\n\t\t\t\t\t\t\n\t\t\t\t\t\t\t\t\t\t\t\t\t<h3 class=\"banner-title wd-fontsize-xxl\" data-elementor-setting-key=\"title\">\n\t\t\t\t\t\t\t\tNaves industriales\t\t\t\t\t\t\t<\/h3>\n\t\t\t\t\t\t\n\t\t\t\t\t\t\t\t\t\t\t\t\t<div class=\"banner-inner reset-last-child wd-fontsize-xs\" data-elementor-setting-key=\"content\">\n\t\t\t\t\t\t\t\t<p>El objetivo principal de la limpieza de estas naves es establecer un ambiente \u00f3ptimo de trabajo, el cual se caracteriza por ser higi\u00e9nico, saludable y sano.<\/p>\n\t\t\t\t\t\t\t<\/div>\n\t\t\t\t\t\t\n\t\t\t\t\t\t\n\t\t\t\t\t\t\t\t\t\t\t<\/div>\n\t\t\t\t<\/div>\n\n\t\t\t\t\t\t\t<\/div>\n\t\t<\/div>\n\t\t\t\t\t\t<\/div>\n\t\t\t\t<\/div>\n\t\t\t\t<\/div>\n\t\t\t\t<\/div>\n\t\t\t\t\t<\/div>\n\t\t\t\t<\/div>\n\t\t\t\t<\/div>","protected":false},"excerpt":{"rendered":"<p>Certificaci\u00f3n y Ecolog\u00eda en Limpieza de Calidad Contamos con numerosos certificados, AHAM o AAF, acreditando que nuestro sistema de limpieza<\/p>","protected":false},"author":1,"featured_media":0,"parent":0,"menu_order":3,"comment_status":"closed","ping_status":"closed","template":"","meta":{"_joinchat":[],"footnotes":""},"class_list":["post-77","page","type-page","status-publish","hentry"],"yoast_head":"<!-- This site is optimized with the Yoast SEO plugin v27.4 - https:\/\/yoast.com\/product\/yoast-seo-wordpress\/ -->\n<title>Empresas - Limpiezas Aqualive Ecol\u00f3gicas S.L.<\/title>\n<meta name=\"robots\" content=\"index, follow, max-snippet:-1, max-image-preview:large, max-video-preview:-1\" \/>\n<link rel=\"canonical\" href=\"https:\/\/limpiezasaqualive.es\/en\/empresas\/\" \/>\n<meta property=\"og:locale\" content=\"en_US\" \/>\n<meta property=\"og:type\" content=\"article\" \/>\n<meta property=\"og:title\" content=\"Empresas - Limpiezas Aqualive Ecol\u00f3gicas S.L.\" \/>\n<meta property=\"og:description\" content=\"Certificaci\u00f3n y Ecolog\u00eda en Limpieza de Calidad Contamos con numerosos certificados, AHAM o AAF, acreditando que nuestro sistema de limpieza\" \/>\n<meta property=\"og:url\" content=\"https:\/\/limpiezasaqualive.es\/en\/empresas\/\" \/>\n<meta property=\"og:site_name\" content=\"Limpiezas Aqualive Ecol\u00f3gicas S.L.\" \/>\n<meta property=\"article:publisher\" content=\"https:\/\/www.facebook.com\/LimpiezasAqualive\" \/>\n<meta property=\"article:modified_time\" content=\"2025-02-17T15:10:42+00:00\" \/>\n<meta property=\"og:image\" content=\"https:\/\/limpiezasaqualive.es\/wp-content\/uploads\/2025\/01\/rb_2148220655-1.png\" \/>\n<meta name=\"twitter:card\" content=\"summary_large_image\" \/>\n<meta name=\"twitter:label1\" content=\"Est. reading time\" \/>\n\t<meta name=\"twitter:data1\" content=\"1 minute\" \/>\n<script type=\"application\/ld+json\" class=\"yoast-schema-graph\">{\"@context\":\"https:\\\/\\\/schema.org\",\"@graph\":[{\"@type\":\"WebPage\",\"@id\":\"https:\\\/\\\/limpiezasaqualive.es\\\/empresas\\\/\",\"url\":\"https:\\\/\\\/limpiezasaqualive.es\\\/empresas\\\/\",\"name\":\"Empresas - Limpiezas Aqualive Ecol\u00f3gicas S.L.\",\"isPartOf\":{\"@id\":\"https:\\\/\\\/limpiezasaqualive.es\\\/#website\"},\"primaryImageOfPage\":{\"@id\":\"https:\\\/\\\/limpiezasaqualive.es\\\/empresas\\\/#primaryimage\"},\"image\":{\"@id\":\"https:\\\/\\\/limpiezasaqualive.es\\\/empresas\\\/#primaryimage\"},\"thumbnailUrl\":\"https:\\\/\\\/limpiezasaqualive.es\\\/wp-content\\\/uploads\\\/2025\\\/01\\\/rb_2148220655-1.png\",\"datePublished\":\"2025-01-13T11:09:40+00:00\",\"dateModified\":\"2025-02-17T15:10:42+00:00\",\"breadcrumb\":{\"@id\":\"https:\\\/\\\/limpiezasaqualive.es\\\/empresas\\\/#breadcrumb\"},\"inLanguage\":\"en-US\",\"potentialAction\":[{\"@type\":\"ReadAction\",\"target\":[\"https:\\\/\\\/limpiezasaqualive.es\\\/empresas\\\/\"]}]},{\"@type\":\"ImageObject\",\"inLanguage\":\"en-US\",\"@id\":\"https:\\\/\\\/limpiezasaqualive.es\\\/empresas\\\/#primaryimage\",\"url\":\"https:\\\/\\\/limpiezasaqualive.es\\\/wp-content\\\/uploads\\\/2025\\\/01\\\/rb_2148220655-1.png\",\"contentUrl\":\"https:\\\/\\\/limpiezasaqualive.es\\\/wp-content\\\/uploads\\\/2025\\\/01\\\/rb_2148220655-1.png\"},{\"@type\":\"BreadcrumbList\",\"@id\":\"https:\\\/\\\/limpiezasaqualive.es\\\/empresas\\\/#breadcrumb\",\"itemListElement\":[{\"@type\":\"ListItem\",\"position\":1,\"name\":\"Portada\",\"item\":\"https:\\\/\\\/limpiezasaqualive.es\\\/\"},{\"@type\":\"ListItem\",\"position\":2,\"name\":\"Empresas\"}]},{\"@type\":\"WebSite\",\"@id\":\"https:\\\/\\\/limpiezasaqualive.es\\\/#website\",\"url\":\"https:\\\/\\\/limpiezasaqualive.es\\\/\",\"name\":\"Limpiezas Ecol\u00f3gicas Aqualive\",\"description\":\"Empresa de Limpieza en Cartagena y alrededores\",\"publisher\":{\"@id\":\"https:\\\/\\\/limpiezasaqualive.es\\\/#organization\"},\"potentialAction\":[{\"@type\":\"SearchAction\",\"target\":{\"@type\":\"EntryPoint\",\"urlTemplate\":\"https:\\\/\\\/limpiezasaqualive.es\\\/?s={search_term_string}\"},\"query-input\":{\"@type\":\"PropertyValueSpecification\",\"valueRequired\":true,\"valueName\":\"search_term_string\"}}],\"inLanguage\":\"en-US\"},{\"@type\":\"Organization\",\"@id\":\"https:\\\/\\\/limpiezasaqualive.es\\\/#organization\",\"name\":\"Limpiezas Aqualive Ecol\u00f3gicas S.L.\",\"url\":\"https:\\\/\\\/limpiezasaqualive.es\\\/\",\"logo\":{\"@type\":\"ImageObject\",\"inLanguage\":\"en-US\",\"@id\":\"https:\\\/\\\/limpiezasaqualive.es\\\/#\\\/schema\\\/logo\\\/image\\\/\",\"url\":\"https:\\\/\\\/limpiezasaqualive.es\\\/wp-content\\\/uploads\\\/2025\\\/01\\\/aqualive-logo.png\",\"contentUrl\":\"https:\\\/\\\/limpiezasaqualive.es\\\/wp-content\\\/uploads\\\/2025\\\/01\\\/aqualive-logo.png\",\"width\":269,\"height\":86,\"caption\":\"Limpiezas Aqualive Ecol\u00f3gicas S.L.\"},\"image\":{\"@id\":\"https:\\\/\\\/limpiezasaqualive.es\\\/#\\\/schema\\\/logo\\\/image\\\/\"},\"sameAs\":[\"https:\\\/\\\/www.facebook.com\\\/LimpiezasAqualive\",\"https:\\\/\\\/www.instagram.com\\\/aqualiveecologica\\\/\"]}]}<\/script>\n<!-- \/ Yoast SEO plugin. -->","yoast_head_json":{"title":"Empresas - Limpiezas Aqualive Ecol\u00f3gicas S.L.","robots":{"index":"index","follow":"follow","max-snippet":"max-snippet:-1","max-image-preview":"max-image-preview:large","max-video-preview":"max-video-preview:-1"},"canonical":"https:\/\/limpiezasaqualive.es\/en\/empresas\/","og_locale":"en_US","og_type":"article","og_title":"Empresas - Limpiezas Aqualive Ecol\u00f3gicas S.L.","og_description":"Certificaci\u00f3n y Ecolog\u00eda en Limpieza de Calidad Contamos con numerosos certificados, AHAM o AAF, acreditando que nuestro sistema de limpieza","og_url":"https:\/\/limpiezasaqualive.es\/en\/empresas\/","og_site_name":"Limpiezas Aqualive Ecol\u00f3gicas S.L.","article_publisher":"https:\/\/www.facebook.com\/LimpiezasAqualive","article_modified_time":"2025-02-17T15:10:42+00:00","og_image":[{"url":"https:\/\/limpiezasaqualive.es\/wp-content\/uploads\/2025\/01\/rb_2148220655-1.png","type":"","width":"","height":""}],"twitter_card":"summary_large_image","twitter_misc":{"Est. reading time":"1 minute"},"schema":{"@context":"https:\/\/schema.org","@graph":[{"@type":"WebPage","@id":"https:\/\/limpiezasaqualive.es\/empresas\/","url":"https:\/\/limpiezasaqualive.es\/empresas\/","name":"Empresas - Limpiezas Aqualive Ecol\u00f3gicas S.L.","isPartOf":{"@id":"https:\/\/limpiezasaqualive.es\/#website"},"primaryImageOfPage":{"@id":"https:\/\/limpiezasaqualive.es\/empresas\/#primaryimage"},"image":{"@id":"https:\/\/limpiezasaqualive.es\/empresas\/#primaryimage"},"thumbnailUrl":"https:\/\/limpiezasaqualive.es\/wp-content\/uploads\/2025\/01\/rb_2148220655-1.png","datePublished":"2025-01-13T11:09:40+00:00","dateModified":"2025-02-17T15:10:42+00:00","breadcrumb":{"@id":"https:\/\/limpiezasaqualive.es\/empresas\/#breadcrumb"},"inLanguage":"en-US","potentialAction":[{"@type":"ReadAction","target":["https:\/\/limpiezasaqualive.es\/empresas\/"]}]},{"@type":"ImageObject","inLanguage":"en-US","@id":"https:\/\/limpiezasaqualive.es\/empresas\/#primaryimage","url":"https:\/\/limpiezasaqualive.es\/wp-content\/uploads\/2025\/01\/rb_2148220655-1.png","contentUrl":"https:\/\/limpiezasaqualive.es\/wp-content\/uploads\/2025\/01\/rb_2148220655-1.png"},{"@type":"BreadcrumbList","@id":"https:\/\/limpiezasaqualive.es\/empresas\/#breadcrumb","itemListElement":[{"@type":"ListItem","position":1,"name":"Portada","item":"https:\/\/limpiezasaqualive.es\/"},{"@type":"ListItem","position":2,"name":"Empresas"}]},{"@type":"WebSite","@id":"https:\/\/limpiezasaqualive.es\/#website","url":"https:\/\/limpiezasaqualive.es\/","name":"Limpiezas Ecol\u00f3gicas Aqualive","description":"Empresa de Limpieza en Cartagena y alrededores","publisher":{"@id":"https:\/\/limpiezasaqualive.es\/#organization"},"potentialAction":[{"@type":"SearchAction","target":{"@type":"EntryPoint","urlTemplate":"https:\/\/limpiezasaqualive.es\/?s={search_term_string}"},"query-input":{"@type":"PropertyValueSpecification","valueRequired":true,"valueName":"search_term_string"}}],"inLanguage":"en-US"},{"@type":"Organization","@id":"https:\/\/limpiezasaqualive.es\/#organization","name":"Cleaning Aqualive Ecological SL","url":"https:\/\/limpiezasaqualive.es\/","logo":{"@type":"ImageObject","inLanguage":"en-US","@id":"https:\/\/limpiezasaqualive.es\/#\/schema\/logo\/image\/","url":"https:\/\/limpiezasaqualive.es\/wp-content\/uploads\/2025\/01\/aqualive-logo.png","contentUrl":"https:\/\/limpiezasaqualive.es\/wp-content\/uploads\/2025\/01\/aqualive-logo.png","width":269,"height":86,"caption":"Limpiezas Aqualive Ecol\u00f3gicas S.L."},"image":{"@id":"https:\/\/limpiezasaqualive.es\/#\/schema\/logo\/image\/"},"sameAs":["https:\/\/www.facebook.com\/LimpiezasAqualive","https:\/\/www.instagram.com\/aqualiveecologica\/"]}]}},"_links":{"self":[{"href":"https:\/\/limpiezasaqualive.es\/en\/wp-json\/wp\/v2\/pages\/77","targetHints":{"allow":["GET"]}}],"collection":[{"href":"https:\/\/limpiezasaqualive.es\/en\/wp-json\/wp\/v2\/pages"}],"about":[{"href":"https:\/\/limpiezasaqualive.es\/en\/wp-json\/wp\/v2\/types\/page"}],"author":[{"embeddable":true,"href":"https:\/\/limpiezasaqualive.es\/en\/wp-json\/wp\/v2\/users\/1"}],"replies":[{"embeddable":true,"href":"https:\/\/limpiezasaqualive.es\/en\/wp-json\/wp\/v2\/comments?post=77"}],"version-history":[{"count":13,"href":"https:\/\/limpiezasaqualive.es\/en\/wp-json\/wp\/v2\/pages\/77\/revisions"}],"predecessor-version":[{"id":1542,"href":"https:\/\/limpiezasaqualive.es\/en\/wp-json\/wp\/v2\/pages\/77\/revisions\/1542"}],"wp:attachment":[{"href":"https:\/\/limpiezasaqualive.es\/en\/wp-json\/wp\/v2\/media?parent=77"}],"curies":[{"name":"wp","href":"https:\/\/api.w.org\/{rel}","templated":true}]}}